{"id":6748,"date":"2025-04-11T13:56:44","date_gmt":"2025-04-11T11:56:44","guid":{"rendered":"https:\/\/eneida.cat\/?page_id=6748"},"modified":"2025-04-14T16:29:34","modified_gmt":"2025-04-14T14:29:34","slug":"politica-de-privacidad","status":"publish","type":"page","link":"https:\/\/eneida.cat\/es\/politica-de-privacidad\/","title":{"rendered":"Pol\u00edtica de privacidad"},"content":{"rendered":"\t\t<div data-elementor-type=\"wp-page\" data-elementor-id=\"6748\" class=\"elementor elementor-6748\">\n\t\t\t\t\t\t<section class=\"elementor-section elementor-top-section elementor-element elementor-element-df26b5c elementor-section-stretched elementor-section-content-middle elementor-section-boxed elementor-section-height-default elementor-section-height-default\" data-id=\"df26b5c\" data-element_type=\"section\" data-settings=\"{&quot;stretch_section&quot;:&quot;section-stretched&quot;,&quot;background_background&quot;:&quot;classic&quot;}\">\n\t\t\t\t\t\t\t<div class=\"elementor-background-overlay\"><\/div>\n\t\t\t\t\t\t\t<div class=\"elementor-container elementor-column-gap-default\">\n\t\t\t\t\t<div class=\"elementor-column elementor-col-100 elementor-top-column elementor-element elementor-element-20558a88\" data-id=\"20558a88\" data-element_type=\"column\">\n\t\t\t<div class=\"elementor-widget-wrap elementor-element-populated\">\n\t\t\t\t\t\t<div class=\"elementor-element elementor-element-45cdbdb8 elementor-widget elementor-widget-heading\" data-id=\"45cdbdb8\" data-element_type=\"widget\" data-widget_type=\"heading.default\">\n\t\t\t\t<div class=\"elementor-widget-container\">\n\t\t\t\t\t<h1 class=\"elementor-heading-title elementor-size-default\">POL\u00cdTICA DE PRIVACIdad<\/h1>\t\t\t\t<\/div>\n\t\t\t\t<\/div>\n\t\t\t\t\t<\/div>\n\t\t<\/div>\n\t\t\t\t\t<\/div>\n\t\t<\/section>\n\t\t<div class=\"elementor-element elementor-element-2206b7d e-flex e-con-boxed e-con e-parent\" data-id=\"2206b7d\" data-element_type=\"container\">\n\t\t\t\t\t<div class=\"e-con-inner\">\n\t\t\t\t<div class=\"elementor-element elementor-element-ec07f3a elementor-widget elementor-widget-text-editor\" data-id=\"ec07f3a\" data-element_type=\"widget\" data-widget_type=\"text-editor.default\">\n\t\t\t\t<div class=\"elementor-widget-container\">\n\t\t\t\t\t\t\t\t\t<h3 style=\"text-align: justify;\"><strong>POL\u00cdTICA DE PRIVACIDAD<\/strong><\/h3><p style=\"text-align: justify;\">En cumplimiento con lo establecido a la Ley 34\/ 2002, de 11 de Julio, de servicios de la sociedad de la informaci\u00f3n y de e-commerce de Espa\u00f1a, los informamos que esta p\u00e1gina Web es propiedad del Centro Ocupacional\u00a0Eneida.<\/p><p style=\"text-align: justify;\">Direcci\u00f3n: C\/\u00a0Ven\u00fas\u00a09-11, 08012 Barcelona<br \/>Contacto: 93. 207. 17. 44 | info@eneida.cat<br \/>Datos Registrales: Registro de Entidades, Servicios y Establecimientos Sociales de la Direcci\u00f3n General de Servicios Sociales en el libro de servicios y establecimientos, secci\u00f3n de acogida diurna con el n\u00famero de registro n.\u00ba S06417, y con fecha de 14\/06\/2006.<br \/>CIF: F63626048<\/p><p style=\"text-align: justify;\">De conformidad con el que dispone al Reglamento (UE) 2016\/679 del Parlamento Europeo y del Consejo de 27 de abril de 2016, relativo a la protecci\u00f3n de las personas f\u00edsicas al que respeta al tratamiento de datos personales y a la libre circulaci\u00f3n de estos datos, y por el que se deroga la Directiva 95\/46\/CE (adelante, \u201cRGPD\u201d), as\u00ed como en la Ley Org\u00e1nica de Protecci\u00f3n de Datos y Garant\u00eda de los Derechos Digitales 3\/2018 de 5 de Diciembre de 2018 (adelante \u201cLOPDGDD\u201d), y cualquier otra normativa de desarrollo, el Centro Ocupacional\u00a0Eneida\u00a0informa que los datos personales que usted facilite se incorporar\u00e1n a un fichero confidencial titularidad de esta entidad con el fin de facilitar la prestaci\u00f3n de los servicios solicitados a trav\u00e9s de www.eneida.cat, as\u00ed como de mantenerlo informado, bien por correo electr\u00f3nico o bien por cualquier otro medio, de novedades, productos y servicios relacionados con la organizaci\u00f3n o con terceras empresas colaboradoras. En el caso de comunicaciones comerciales a trav\u00e9s de correo electr\u00f3nico o medio equivalente, la usuario mujer su consentimiento expreso para el env\u00edo de publicidad a trav\u00e9s de este medio. Si no desea recibirla o quiere acceder, rectificar o cancelar sus datos de car\u00e1cter personal suministradas, puede hacerlo comunic\u00e1ndolo al n\u00famero de tel\u00e9fono 93. 207 17 44 o enviando un e-mail a info@eneida.cat.<\/p><p style=\"text-align: justify;\"><strong>\u00bfCON QU\u00c9 FINALIDAD TRATAMOS TUS DATOS PERSONALES?<\/strong><\/p><p style=\"text-align: justify;\">Cuando un usuario se inscribe en el centro, est\u00e1 facilitando informaci\u00f3n de car\u00e1cter personal de la que es responsable el Centro Ocupacional\u00a0Eneida. Esta informaci\u00f3n incluye datos de car\u00e1cter personal como el nombre, direcci\u00f3n f\u00edsica, direcci\u00f3n de correo electr\u00f3nico, n\u00famero de tel\u00e9fono, y de otra informaci\u00f3n privada. Al facilitar esta informaci\u00f3n, la usuario mujer su consentimiento para que su informaci\u00f3n sea recopilada, utilizada, gestionada y almacenada.<\/p><p style=\"text-align: justify;\"><strong>\u00bfCU\u00c1L ES LA BASE LEGAL PARA EL TRATAMIENTO DE SUS DATOS?<\/strong><\/p><p style=\"text-align: justify;\">La base legal por el tratamiento de los datos de clientes que adquieren nuestros servicios y\/o productos es el consentimiento.<\/p><p style=\"text-align: justify;\"><strong>\u00bfPOR CU\u00c1NTO DE TIEMPO CONSERVAREMOS SUS DATOS?<\/strong><\/p><p style=\"text-align: justify;\">Los datos personales proporcionados se conservar\u00e1n:<br \/>\u2022 Mientras se mantenga la relaci\u00f3n entre el usuario y la entidad.<br \/>\u2022 Mientras no se solicite su supresi\u00f3n por parte del interesado.<\/p><p style=\"text-align: justify;\"><strong>\u00bfA QU\u00c9 DESTINATARIOS SE COMUNICAR\u00c1N SUS DATOS?<\/strong><\/p><p style=\"text-align: justify;\">Para dar servicios estrictamente necesarios para el desarrollo de la actividad. As\u00ed como a otros profesionales o servicios que tengan un trato con el usuario, siempre con un previo abuelos a la familia y\/o tutores de este.<\/p><p style=\"text-align: justify;\"><strong>NAVEGACI\u00d3N<\/strong><\/p><p style=\"text-align: justify;\">Al navegar por www.eneida.cat se pueden recoger datos no identificables, que pueden incluir, direcciones IP, ubicaci\u00f3n geogr\u00e1fica, registros de c\u00f3mo se utilizan nuestros servicios y lugares, y otros datos que pueden ser utilizados para la mejora del lugar.<br \/><br \/>Entre los datos no identificativos est\u00e1n tambi\u00e9n las relacionadas a los h\u00e1bitos de navegaci\u00f3n a trav\u00e9s de servicios de terceros. Utilizamos esta informaci\u00f3n para analizar tendencias, administrar el lugar, rastrear los movimientos de los usuarios alrededor del lugar y para recopilar informaci\u00f3n demogr\u00e1fica sobre nuestra base de usuarios en su conjunto. Pol\u00edtica de cookies.<\/p><p style=\"text-align: justify;\"><strong>SECRETO Y SEGURIDAD DE LOS DATOS<\/strong><\/p><p style=\"text-align: justify;\">El Centro Ocupacional\u00a0Eneida\u00a0se compromete en el uso y tratamiento de los datos personales de los usuarios, respetando su confidencialidad y a utilizarlos de acuerdo con la finalidad especificada, as\u00ed como a dar cumplimiento a su obligaci\u00f3n de guardarlos y adoptar todas las medidas para evitar la alteraci\u00f3n, p\u00e9rdida, tratamiento o acceso no autorizado de conformidad con el que ha sido establecido en la normativa vigente de protecci\u00f3n de datos.<\/p><p style=\"text-align: justify;\"><strong>EXACTITUD Y VERACIDAD DE LOS DATOS<\/strong><\/p><p style=\"text-align: justify;\">El usuario, es el \u00fanico responsable de la veracidad y correcci\u00f3n de los datos proporcionados en el Centro Ocupacional\u00a0Eneida. exonerando a este, de cualquier responsabilidad al respeto. Los usuarios garantizan y responden, en cualquier caso, de la exactitud, vigencia y autenticidad de los datos personales facilitados, y se comprometen a mantenerlas debidamente actualizadas. El usuario acepta proporcionar informaci\u00f3n completa y correcta en el formulario de contacto o inscripci\u00f3n.<\/p><p style=\"text-align: justify;\"><strong>CAMBIOS EN LA POL\u00cdTICA DE PRIVACIDAD<\/strong><\/p><p style=\"text-align: justify;\">El Centro Ocupacional\u00a0Eneida\u00a0se reserva el derecho a modificar la presente pol\u00edtica para adaptarla a novedades legislativas o jurisprudenciales, as\u00ed como a pr\u00e1cticas comerciales. En estos casos, anunciaremos los cambios con antelaci\u00f3n razonable antes de su puesta en pr\u00e1ctica.<\/p><p style=\"text-align: justify;\"><strong>CORREOS COMERCIALES<\/strong><\/p><p style=\"text-align: justify;\">De acuerdo con la\u00a0LSSICE, el Centro Ocupacional\u00a0Eneida. no realiza pr\u00e1cticas de\u00a0SPAM, por el que no env\u00eda correos comerciales por v\u00eda electr\u00f3nica que no hayan sido previamente solicitados o autorizados por el Usuario. Conforme al dispuesto, el Centro Ocupacional\u00a0Eneida. se compromete a no enviar comunicaciones de car\u00e1cter comercial sin identificarlas debidamente.<\/p>\t\t\t\t\t\t\t\t<\/div>\n\t\t\t\t<\/div>\n\t\t\t\t\t<\/div>\n\t\t\t\t<\/div>\n\t\t\t\t<\/div>\n\t\t","protected":false},"excerpt":{"rendered":"<p>POL\u00cdTICA DE PRIVACIdad POL\u00cdTICA DE PRIVACIDAD En cumplimiento con lo establecido a la Ley 34\/ 2002, de 11 de Julio, de servicios de la sociedad de la informaci\u00f3n y de e-commerce de Espa\u00f1a, los informamos que esta p\u00e1gina Web es propiedad del Centro Ocupacional\u00a0Eneida. Direcci\u00f3n: C\/\u00a0Ven\u00fas\u00a09-11, 08012 BarcelonaContacto: 93. 207. 17. 44 | info@eneida.catDatos Registrales: [&hellip;]<\/p>\n","protected":false},"author":1,"featured_media":0,"parent":0,"menu_order":0,"comment_status":"closed","ping_status":"closed","template":"","meta":{"footnotes":""},"class_list":["post-6748","page","type-page","status-publish","hentry"],"aioseo_notices":[],"_links":{"self":[{"href":"https:\/\/eneida.cat\/es\/wp-json\/wp\/v2\/pages\/6748","targetHints":{"allow":["GET"]}}],"collection":[{"href":"https:\/\/eneida.cat\/es\/wp-json\/wp\/v2\/pages"}],"about":[{"href":"https:\/\/eneida.cat\/es\/wp-json\/wp\/v2\/types\/page"}],"author":[{"embeddable":true,"href":"https:\/\/eneida.cat\/es\/wp-json\/wp\/v2\/users\/1"}],"replies":[{"embeddable":true,"href":"https:\/\/eneida.cat\/es\/wp-json\/wp\/v2\/comments?post=6748"}],"version-history":[{"count":13,"href":"https:\/\/eneida.cat\/es\/wp-json\/wp\/v2\/pages\/6748\/revisions"}],"predecessor-version":[{"id":7329,"href":"https:\/\/eneida.cat\/es\/wp-json\/wp\/v2\/pages\/6748\/revisions\/7329"}],"wp:attachment":[{"href":"https:\/\/eneida.cat\/es\/wp-json\/wp\/v2\/media?parent=6748"}],"curies":[{"name":"wp","href":"https:\/\/api.w.org\/{rel}","templated":true}]}}