{"id":6742,"date":"2025-04-11T13:49:02","date_gmt":"2025-04-11T11:49:02","guid":{"rendered":"https:\/\/eneida.cat\/?page_id=6742"},"modified":"2025-04-14T16:14:22","modified_gmt":"2025-04-14T14:14:22","slug":"aviso-legal","status":"publish","type":"page","link":"https:\/\/eneida.cat\/es\/aviso-legal\/","title":{"rendered":"Aviso legal"},"content":{"rendered":"\t\t<div data-elementor-type=\"wp-page\" data-elementor-id=\"6742\" class=\"elementor elementor-6742\">\n\t\t\t\t\t\t<section class=\"elementor-section elementor-top-section elementor-element elementor-element-df26b5c elementor-section-stretched elementor-section-content-middle elementor-section-boxed elementor-section-height-default elementor-section-height-default\" data-id=\"df26b5c\" data-element_type=\"section\" data-settings=\"{&quot;stretch_section&quot;:&quot;section-stretched&quot;,&quot;background_background&quot;:&quot;classic&quot;}\">\n\t\t\t\t\t\t\t<div class=\"elementor-background-overlay\"><\/div>\n\t\t\t\t\t\t\t<div class=\"elementor-container elementor-column-gap-default\">\n\t\t\t\t\t<div class=\"elementor-column elementor-col-100 elementor-top-column elementor-element elementor-element-20558a88\" data-id=\"20558a88\" data-element_type=\"column\">\n\t\t\t<div class=\"elementor-widget-wrap elementor-element-populated\">\n\t\t\t\t\t\t<div class=\"elementor-element elementor-element-45cdbdb8 elementor-widget elementor-widget-heading\" data-id=\"45cdbdb8\" data-element_type=\"widget\" data-widget_type=\"heading.default\">\n\t\t\t\t<div class=\"elementor-widget-container\">\n\t\t\t\t\t<h1 class=\"elementor-heading-title elementor-size-default\">Aviso legal<\/h1>\t\t\t\t<\/div>\n\t\t\t\t<\/div>\n\t\t\t\t\t<\/div>\n\t\t<\/div>\n\t\t\t\t\t<\/div>\n\t\t<\/section>\n\t\t<div class=\"elementor-element elementor-element-2206b7d e-flex e-con-boxed e-con e-parent\" data-id=\"2206b7d\" data-element_type=\"container\">\n\t\t\t\t\t<div class=\"e-con-inner\">\n\t\t\t\t<div class=\"elementor-element elementor-element-ec07f3a elementor-widget elementor-widget-text-editor\" data-id=\"ec07f3a\" data-element_type=\"widget\" data-widget_type=\"text-editor.default\">\n\t\t\t\t<div class=\"elementor-widget-container\">\n\t\t\t\t\t\t\t\t\t<h3 style=\"text-align: justify;\"><strong>AVISO\u00a0 LEGAL<\/strong><\/h3><p style=\"text-align: justify;\"><strong>1. DATOS IDENTIFICATIVOS<\/strong><\/p><p style=\"text-align: justify;\">Para cumplir con el deber de informaci\u00f3n recogido en el art\u00edculo 10 de la Ley 34\/2002, de de julio, de Servicios de la Sociedad de la Informaci\u00f3n y del E-commerce, la empresa titular de dominio web es Centre Ocupacional\u00a0Eneida, con domicilio a estos efectos a C\/Ven\u00fas\u00a09-11, 08012 Barcelona n\u00famero de C.I.F.: F63626048 inscrita al Registro de Entidades, Servicios y Establecimientos Sociales de la Direcci\u00f3n General de Servicios Sociales en el libro de servicios y establecimientos, secci\u00f3n de acogida diurna con el n\u00famero de registre n.\u00ba S06417, y con fecha de 14\/06\/2006. Correo electr\u00f3nico de contacte: info@eneida.cat<\/p><p style=\"text-align: justify;\"><strong>2. USUARIOS<\/strong><\/p><p style=\"text-align: justify;\">El acceso y\/o uso de este portal de Centro Ocupacional\u00a0Eneida\u00a0atribuye la condici\u00f3n de USUARIO, que acepta, desde el acceso y\/o uso, las Condiciones Generales de Uso aqu\u00ed reflejadas. Las citadas Condiciones ser\u00e1n de aplicaci\u00f3n independientemente de las Condiciones Generales de Contrataci\u00f3n que en todo caso resultan de cumplimiento obligatorio.<\/p><p style=\"text-align: justify;\"><strong>3. USO DE LA P\u00c1GINA<\/strong><\/p><p style=\"text-align: justify;\">El portal www.eneida.cat proporciona el acceso a multitud de informaciones, servicios, programas o datos (de aqu\u00ed adelante, \u201clos contenidos\u201d) a Internet que pertenecen en el Centro Ocupacional\u00a0Eneida\u00a0o a los licenciados a quienes el USUARIO pueda tener acceso. El USUARIO asume la responsabilidad del uso del portal. Esta responsabilidad se extiende al registro que pudiera ser necesario para acceder a determinados servicios o contenidos.<\/p><p style=\"text-align: justify;\">El USUARIO se compromete a hacer un uso pertinente de los contenidos y servicios, y a no utilizarlos para:<br \/>\u2022 incurrir en actividades il\u00edcitas, ilegales o contrar\u00edas a la buena fe y al orden p\u00fablico;<br \/>\u2022 difundir contenidos o propaganda de car\u00e1cter racista, xen\u00f3fobo, pornogr\u00e1fico- ilegal, de apolog\u00eda al terrorismo o que pueda atentar contra los derechos humanos;<br \/>\u2022 provocar malogradas a los sistemas f\u00edsicos y l\u00f3gicos del Centro Ocupacional\u00a0Eneida, de sus proveedores o de terceras personas, introducir o difundir en la red virus inform\u00e1ticos o cualquier otro sistema f\u00edsico o l\u00f3gico susceptibles de provocar las malogradas anteriormente dichas;<br \/>\u2022 intentar acceder y, en todo caso, utilizar las cuentas de correo electr\u00f3nico otros usuarios y modificar o manipular sus mensajes.<\/p><p style=\"text-align: justify;\">El Centro Ocupacional Eneida se reserva el derecho a retirar todos aquellos comentarios que malogran cualquier de los aspectos se\u00f1alados al p\u00e1rrafo anterior, y a realizar cambios en el Portal sin previo aviso, con el objetivo de actualizar, corregir, modificar, a\u00f1adir o eliminar los contenidos del Portal o modificar su dise\u00f1o. Adem\u00e1s, no se responsabiliza de los contenidos que terceras partes hayan incluido a los hiperv\u00ednculos o links incluidos en el mismo.<\/p><p style=\"text-align: justify;\">Est\u00e1 prohibido:<br \/>\u2022 La copia y difusi\u00f3n de la informaci\u00f3n contenida a www.eneida.cat.<br \/>\u2022 La modificaci\u00f3n, adaptaci\u00f3n, extracci\u00f3n, reordenaci\u00f3n y combinaci\u00f3n de la informaci\u00f3n, as\u00ed como tambi\u00e9n desnaturalizar el sentido de la informaci\u00f3n. La reproducci\u00f3n, distribuci\u00f3n, comunicaci\u00f3n p\u00fablica o transformaci\u00f3n necesaria para desarrollar la actividad de reutilizaci\u00f3n autorizada, en cualquier modalidad y bajo cualquier formato, por todo el mundo y por el m\u00e1ximo periodo de tiempo permitido por la Ley.<br \/>\u2022 La alteraci\u00f3n del dise\u00f1o, configuraci\u00f3n o contenidos de la p\u00e1gina.<\/p><p style=\"text-align: justify;\"><strong>4. EXCLUSI\u00d3N DE GARANT\u00cdAS Y RESPONSABILIDAD<\/strong><\/p><p style=\"text-align: justify;\">El Centro Ocupacional\u00a0Eneida\u00a0se reserva el derecho a denegar o retirar el acceso en su Portal y\/o a los servicios ofrecidos sin necesidad de preaviso, a\u00a0instancia\u00a0propia o de un tercero, a aquellos usuarios que incumplan las presentes Condiciones Generales de Uso, y en ning\u00fan caso es hace responsable de los da\u00f1os y perjuicios de cualquier naturaleza que se pudieron ocasionar, a t\u00edtulo enunciativo: errores \/ omisiones a los contenidos, falta de disponibilidad del portal o la transmisi\u00f3n de virus o programas maliciosos a los contenidos, todo y habiendo adoptado todas las medidas tecnol\u00f3gicas necesarias para evitarlo.<\/p><p style=\"text-align: justify;\"><strong>5. MODIFICACIONES<\/strong><\/p><p style=\"text-align: justify;\">El Centro Ocupacional\u00a0Eneida\u00a0se reserva el derecho de efectuar sin previo aviso las modificaciones que considere oportunas en su portal, pudiendo cambiar, suprimir o a\u00f1adir tanto los contenidos y servicios que se presten a trabas de la misma, como la forma en que estos aparezcan presentados o localizados en su portal.<\/p><p style=\"text-align: justify;\"><strong>6. LINKS<\/strong><\/p><p style=\"text-align: justify;\">Respeto los links o\u00a0hipervincles\u00a0a otros lugares de Internet que se disponen en la web www.eneida.cat donde esta informaci\u00f3n se proporciona \u00fanicamente a t\u00edtulo informativo, no ejercer\u00e1 ning\u00fan tipo de control sobre los lugares y contenidos. En ning\u00fan caso existir\u00e1 ning\u00fan tipo de asociaci\u00f3n entre www.eneida.cat y las personas o entidades que las operan, ni garantiza la ausencia de virus u otros elementos ni asumir\u00e1n ninguna responsabilidad por los contenidos de ning\u00fan link que pertenezca a un sitio web ajeno, ni garantizar\u00e1n la disponibilidad t\u00e9cnica, calidad, fiabilidad, exactitud, amplitud, veracidad, validez y constitucionalidad de cualquier material o informaci\u00f3n contenida a ninguno de los\u00a0hipervincles\u00a0u otros lugares de Internet. Del mismo modo la inclusi\u00f3n de estas conexiones externas no implicar\u00e1 ning\u00fan tipo de asociaci\u00f3n, fusi\u00f3n o participaci\u00f3n con las entidades conectadas.<\/p><p style=\"text-align: justify;\"><strong>7. PROTECCI\u00d3N DE DATOS<\/strong><\/p><p style=\"text-align: justify;\">De conformidad con el que dispone el Reglamento (UE) 2016\/679 del Parlamento Europeo y del Consejo de 27 de abril de 2016, relativo a la protecci\u00f3n de las personas f\u00edsicas respecto al tratamiento de datos personales y a la libre circulaci\u00f3n de estos datos, y por el que queda derogada la Directiva 95\/46\/CE (de aqu\u00ed adelante, \u201cRGPD\u201d), y cualquier otro normativa de desarrollo, se informa al interesado, de que sus datos personales conseguidos a trav\u00e9s del correo electr\u00f3nico o formulario web ser\u00e1n incorporadas a un fichero titularidad del Centro Ocupacional\u00a0Eneida, con el fin de ofrecerle la informaci\u00f3n pertinente o los servicios solicitados.<\/p><p style=\"text-align: justify;\">El Centro Ocupacional\u00a0Eneida\u00a0har\u00e1 saber al usuario de la existencia y aceptaci\u00f3n de las condicionas particulares del tratamiento de sus datos en cada caso, la finalidad del tratamiento y las comunicaciones de datos a terceros si hubiera, inform\u00e1ndolo de la responsabilidad sobre el fichero creado, la direcci\u00f3n del responsable, la posibilidad de ejercer sus derechos de acceso, rectificaci\u00f3n, supresi\u00f3n, portabilidad, limitaci\u00f3n del tratamiento, oposici\u00f3n y no ser objeto de decisiones individualizadas.<\/p><p style=\"text-align: justify;\">Aun as\u00ed, el Centro Ocupacional\u00a0Eneida\u00a0informa que para dar cumplimiento a la Ley 34\/2002 de 11 de julio, de Servicios de la Sociedad de la Informaci\u00f3n y del E-commerce, solicitar\u00e1 en cada momento al usuario, su consentimiento al tratamiento de sus datos para la realizaci\u00f3n de comunicaciones con fines comerciales.<\/p><p style=\"text-align: justify;\"><strong>8. GENERAL<\/strong><\/p><p style=\"text-align: justify;\">El Centro Ocupacional\u00a0Eneida\u00a0perseguir\u00e1 el incumplimiento de las condiciones mencionadas as\u00ed como cualquier utilizaci\u00f3n indebida de su portal ejerciendo todas las acciones civiles y penales que puedan ser suyas seg\u00fan el Derecho.<\/p><p style=\"text-align: justify;\"><strong>9. MODIFICACI\u00d3N DE LAS PRESENTES CONDICIONES Y DURACI\u00d3N<\/strong><\/p><p style=\"text-align: justify;\">El Centro Ocupacional\u00a0Eneida\u00a0podr\u00e1 modificar en cualquier momento las condiciones aqu\u00ed determinadas.<\/p><p style=\"text-align: justify;\"><strong>10. LEGISLACI\u00d3N APLICABLE Y JURISDICCI\u00d3N<\/strong><\/p><p style=\"text-align: justify;\">La relaci\u00f3n entre el Centro Ocupacional\u00a0Eneida\u00a0y el USUARIO se regir\u00e1 por la normativa espa\u00f1ola vigente. Cualquier controversia se someter\u00e1 a los Juzgados y tribunales de la ciudad de Barcelona.<\/p>\t\t\t\t\t\t\t\t<\/div>\n\t\t\t\t<\/div>\n\t\t\t\t\t<\/div>\n\t\t\t\t<\/div>\n\t\t\t\t<\/div>\n\t\t","protected":false},"excerpt":{"rendered":"<p>Aviso legal AVISO\u00a0 LEGAL 1. DATOS IDENTIFICATIVOS Para cumplir con el deber de informaci\u00f3n recogido en el art\u00edculo 10 de la Ley 34\/2002, de de julio, de Servicios de la Sociedad de la Informaci\u00f3n y del E-commerce, la empresa titular de dominio web es Centre Ocupacional\u00a0Eneida, con domicilio a estos efectos a C\/Ven\u00fas\u00a09-11, 08012 Barcelona [&hellip;]<\/p>\n","protected":false},"author":1,"featured_media":0,"parent":0,"menu_order":0,"comment_status":"closed","ping_status":"closed","template":"","meta":{"footnotes":""},"class_list":["post-6742","page","type-page","status-publish","hentry"],"aioseo_notices":[],"_links":{"self":[{"href":"https:\/\/eneida.cat\/es\/wp-json\/wp\/v2\/pages\/6742","targetHints":{"allow":["GET"]}}],"collection":[{"href":"https:\/\/eneida.cat\/es\/wp-json\/wp\/v2\/pages"}],"about":[{"href":"https:\/\/eneida.cat\/es\/wp-json\/wp\/v2\/types\/page"}],"author":[{"embeddable":true,"href":"https:\/\/eneida.cat\/es\/wp-json\/wp\/v2\/users\/1"}],"replies":[{"embeddable":true,"href":"https:\/\/eneida.cat\/es\/wp-json\/wp\/v2\/comments?post=6742"}],"version-history":[{"count":16,"href":"https:\/\/eneida.cat\/es\/wp-json\/wp\/v2\/pages\/6742\/revisions"}],"predecessor-version":[{"id":7314,"href":"https:\/\/eneida.cat\/es\/wp-json\/wp\/v2\/pages\/6742\/revisions\/7314"}],"wp:attachment":[{"href":"https:\/\/eneida.cat\/es\/wp-json\/wp\/v2\/media?parent=6742"}],"curies":[{"name":"wp","href":"https:\/\/api.w.org\/{rel}","templated":true}]}}