{"id":4824,"date":"2021-09-01T14:15:00","date_gmt":"2021-09-01T14:15:00","guid":{"rendered":"http:\/\/www.nicdarkthemes.com\/themes\/butcher\/wp\/demo\/butcher-shop\/?page_id=4018"},"modified":"2025-05-13T09:28:28","modified_gmt":"2025-05-13T07:28:28","slug":"header-6","status":"publish","type":"page","link":"https:\/\/eneida.cat\/es\/header-6\/","title":{"rendered":"Header 6"},"content":{"rendered":"\t\t<div data-elementor-type=\"wp-page\" data-elementor-id=\"4824\" class=\"elementor elementor-4824\">\n\t\t\t\t\t\t<section class=\"elementor-section elementor-top-section elementor-element elementor-element-48b204d elementor-section-full_width elementor-section-stretched elementor-section-height-default elementor-section-height-default elementor-invisible\" data-id=\"48b204d\" data-element_type=\"section\" data-settings=\"{&quot;stretch_section&quot;:&quot;section-stretched&quot;,&quot;background_background&quot;:&quot;gradient&quot;,&quot;animation&quot;:&quot;fadeInDown&quot;}\">\n\t\t\t\t\t\t<div class=\"elementor-container elementor-column-gap-no\">\n\t\t\t\t\t<div class=\"elementor-column elementor-col-100 elementor-top-column elementor-element elementor-element-60df1f2\" data-id=\"60df1f2\" data-element_type=\"column\">\n\t\t\t<div class=\"elementor-widget-wrap elementor-element-populated\">\n\t\t\t\t\t\t<div class=\"elementor-element elementor-element-702e8eb gradient-topheader  elementor-widget elementor-widget-spacer\" data-id=\"702e8eb\" data-element_type=\"widget\" data-widget_type=\"spacer.default\">\n\t\t\t\t<div class=\"elementor-widget-container\">\n\t\t\t\t\t\t\t<div class=\"elementor-spacer\">\n\t\t\t<div class=\"elementor-spacer-inner\"><\/div>\n\t\t<\/div>\n\t\t\t\t\t\t<\/div>\n\t\t\t\t<\/div>\n\t\t\t\t\t<\/div>\n\t\t<\/div>\n\t\t\t\t\t<\/div>\n\t\t<\/section>\n\t\t\t\t<section class=\"elementor-section elementor-top-section elementor-element elementor-element-43ea121d elementor-section-stretched elementor-section-full_width elementor-section-content-middle elementor-section-height-default elementor-section-height-default elementor-invisible\" data-id=\"43ea121d\" data-element_type=\"section\" data-settings=\"{&quot;stretch_section&quot;:&quot;section-stretched&quot;,&quot;animation&quot;:&quot;fadeInDown&quot;,&quot;background_background&quot;:&quot;classic&quot;}\">\n\t\t\t\t\t\t<div class=\"elementor-container elementor-column-gap-default\">\n\t\t\t\t\t<div class=\"elementor-column elementor-col-50 elementor-top-column elementor-element elementor-element-1c7f640b\" data-id=\"1c7f640b\" data-element_type=\"column\">\n\t\t\t<div class=\"elementor-widget-wrap elementor-element-populated\">\n\t\t\t\t\t\t<div class=\"elementor-element elementor-element-4d6ce6c0 elementor-widget elementor-widget-image\" data-id=\"4d6ce6c0\" data-element_type=\"widget\" data-widget_type=\"image.default\">\n\t\t\t\t<div class=\"elementor-widget-container\">\n\t\t\t\t\t\t\t\t\t\t\t\t\t\t\t\t<a href=\"https:\/\/eneida.cat\/\">\n\t\t\t\t\t\t\t<img decoding=\"async\" width=\"225\" height=\"166\" src=\"https:\/\/eneida.cat\/wp-content\/uploads\/2025\/04\/LOGOl_ENEIDA.png\" class=\"attachment-full size-full wp-image-7167\" alt=\"\" \/>\t\t\t\t\t\t\t\t<\/a>\n\t\t\t\t\t\t\t\t\t\t\t\t\t\t\t<\/div>\n\t\t\t\t<\/div>\n\t\t\t\t\t<\/div>\n\t\t<\/div>\n\t\t\t\t<div class=\"elementor-column elementor-col-50 elementor-top-column elementor-element elementor-element-4603b1b1\" data-id=\"4603b1b1\" data-element_type=\"column\" id=\"main-menu\">\n\t\t\t<div class=\"elementor-widget-wrap elementor-element-populated\">\n\t\t\t\t\t\t<div class=\"elementor-element elementor-element-7e44f066 elementor-widget__width-initial elementor-widget elementor-widget-navigation\" data-id=\"7e44f066\" data-element_type=\"widget\" data-widget_type=\"navigation.default\">\n\t\t\t\t<div class=\"elementor-widget-container\">\n\t\t\t\t\t\n\t\t<div class=\"nd_elements_section\">\n\t\t\t<div class=\"nd_elements_navigation_component\">\n\n\t\t\t\t<div class=\"menu-menu-container\"><ul id=\"menu-menu\" class=\"menu\"><li id=\"menu-item-6056\" class=\"menu-item menu-item-type-post_type menu-item-object-page menu-item-6056\"><a href=\"https:\/\/eneida.cat\/es\/conocenos\/\">Con\u00f3cenos<\/a><\/li>\n<li id=\"menu-item-6055\" class=\"menu-item menu-item-type-post_type menu-item-object-page menu-item-6055\"><a href=\"https:\/\/eneida.cat\/es\/actividades\/\">Actividades<\/a><\/li>\n<li id=\"menu-item-6054\" class=\"menu-item menu-item-type-post_type menu-item-object-page menu-item-6054\"><a href=\"https:\/\/eneida.cat\/es\/equipo\/\">Equipo<\/a><\/li>\n<li id=\"menu-item-6053\" class=\"menu-item menu-item-type-post_type menu-item-object-page menu-item-6053\"><a href=\"https:\/\/eneida.cat\/es\/requisitos\/\">Requisitos<\/a><\/li>\n<li id=\"menu-item-6052\" class=\"menu-item menu-item-type-post_type menu-item-object-page menu-item-6052\"><a href=\"https:\/\/eneida.cat\/es\/galeria\/\">Galer\u00eda<\/a><\/li>\n<li id=\"menu-item-6051\" class=\"menu-item menu-item-type-post_type menu-item-object-page menu-item-6051\"><a href=\"https:\/\/eneida.cat\/es\/contacto\/\">Contacto<\/a><\/li>\n<li id=\"menu-item-wpml-ls-58-ca\" class=\"menu-item wpml-ls-slot-58 wpml-ls-item wpml-ls-item-ca wpml-ls-menu-item wpml-ls-first-item wpml-ls-last-item menu-item-type-wpml_ls_menu_item menu-item-object-wpml_ls_menu_item menu-item-wpml-ls-58-ca\"><a href=\"https:\/\/eneida.cat\/\" title=\"Cambiar a Catal\u00e1n\"><img decoding=\"async\" class=\"wpml-ls-flag\" src=\"https:\/\/eneida.cat\/wp-content\/plugins\/sitepress-multilingual-cms\/res\/flags\/ca.svg\" alt=\"Catal\u00e1n\" \/><\/a><\/li>\n<\/ul><\/div>\n\t\t\t\t\n\t\t\t\t<img decoding=\"async\" alt=\"open-navigation\" width=\"25\" class=\"nd_elements_open_navigation_sidebar_content\" src=\"http:\/\/www.nicdarkthemes.com\/themes\/children\/wp\/demo\/education\/wp-content\/uploads\/sites\/2\/2021\/09\/img-16.png\">\n\t\t\t\n\t\t\t<\/div>\n\t\t<\/div>\n\n\t\t<!--START menu responsive-->\n\t\t<div class=\"nd_elements_navigation_sidebar_content\">\n\n\t\t\t<img decoding=\"async\" alt=\"close-navigation\" width=\"25\" class=\"nd_elements_close_navigation_sidebar_content\" src=\"https:\/\/eneida.cat\/wp-content\/plugins\/nd-elements\/widgets\/navigation\/img\/navigation-close.svg\">\n\n\t\t    <div class=\"nd_elements_navigation_sidebar\">\n\t\t        <div class=\"menu-menu-container\"><ul id=\"menu-menu-1\" class=\"menu\"><li class=\"menu-item menu-item-type-post_type menu-item-object-page menu-item-6056\"><a href=\"https:\/\/eneida.cat\/es\/conocenos\/\">Con\u00f3cenos<\/a><\/li>\n<li class=\"menu-item menu-item-type-post_type menu-item-object-page menu-item-6055\"><a href=\"https:\/\/eneida.cat\/es\/actividades\/\">Actividades<\/a><\/li>\n<li class=\"menu-item menu-item-type-post_type menu-item-object-page menu-item-6054\"><a href=\"https:\/\/eneida.cat\/es\/equipo\/\">Equipo<\/a><\/li>\n<li class=\"menu-item menu-item-type-post_type menu-item-object-page menu-item-6053\"><a href=\"https:\/\/eneida.cat\/es\/requisitos\/\">Requisitos<\/a><\/li>\n<li class=\"menu-item menu-item-type-post_type menu-item-object-page menu-item-6052\"><a href=\"https:\/\/eneida.cat\/es\/galeria\/\">Galer\u00eda<\/a><\/li>\n<li class=\"menu-item menu-item-type-post_type menu-item-object-page menu-item-6051\"><a href=\"https:\/\/eneida.cat\/es\/contacto\/\">Contacto<\/a><\/li>\n<li class=\"menu-item wpml-ls-slot-58 wpml-ls-item wpml-ls-item-ca wpml-ls-menu-item wpml-ls-first-item wpml-ls-last-item menu-item-type-wpml_ls_menu_item menu-item-object-wpml_ls_menu_item menu-item-wpml-ls-58-ca\"><a href=\"https:\/\/eneida.cat\/\" title=\"Cambiar a Catal\u00e1n\"><img decoding=\"async\" class=\"wpml-ls-flag\" src=\"https:\/\/eneida.cat\/wp-content\/plugins\/sitepress-multilingual-cms\/res\/flags\/ca.svg\" alt=\"Catal\u00e1n\" \/><\/a><\/li>\n<\/ul><\/div>\n\t\t    <\/div>\n\n\t\t<\/div>\n\t\t<!--END menu responsive-->\n\t\t\t\t\t\t<\/div>\n\t\t\t\t<\/div>\n\t\t\t\t\t<\/div>\n\t\t<\/div>\n\t\t\t\t\t<\/div>\n\t\t<\/section>\n\t\t\t\t<section class=\"elementor-section elementor-top-section elementor-element elementor-element-348393a elementor-section-boxed elementor-section-height-default elementor-section-height-default\" data-id=\"348393a\" data-element_type=\"section\">\n\t\t\t\t\t\t<div class=\"elementor-container elementor-column-gap-default\">\n\t\t\t\t\t<div class=\"elementor-column elementor-col-100 elementor-top-column elementor-element elementor-element-41031c3\" data-id=\"41031c3\" data-element_type=\"column\">\n\t\t\t<div class=\"elementor-widget-wrap elementor-element-populated\">\n\t\t\t\t\t\t<div class=\"elementor-element elementor-element-dbd5615 elementor-widget elementor-widget-customcss\" data-id=\"dbd5615\" data-element_type=\"widget\" data-widget_type=\"customcss.default\">\n\t\t\t\t<div class=\"elementor-widget-container\">\n\t\t\t\t\t<style type=\"text\/css\">#nd_options_woocommerce_header_img_layout_9,#nd_options_woocommerce_archives_header_img_layout_9,#nd_options_archives_header_img_layout_9 {  margin-top: -150px; }\n#nd_options_woo_archive_header_image_space_top,#nd_options_archives_header_img_layout_9_space_top { height:250px; }\n\n\n.gradient-topheader   { background: linear-gradient(to right, #74cee4 0%,#66ce9c 16%,#edbf47 32%,#ec774b 49%,#74cee4 65%,#66ce9c 83%,#edbf47 100%);}\n<\/style>\t\t\t\t<\/div>\n\t\t\t\t<\/div>\n\t\t\t\t\t<\/div>\n\t\t<\/div>\n\t\t\t\t\t<\/div>\n\t\t<\/section>\n\t\t\t\t<\/div>\n\t\t","protected":false},"excerpt":{"rendered":"<p>Con\u00f3cenos Actividades Equipo Requisitos Galer\u00eda Contacto Con\u00f3cenos Actividades Equipo Requisitos Galer\u00eda Contacto<\/p>\n","protected":false},"author":1,"featured_media":0,"parent":0,"menu_order":0,"comment_status":"closed","ping_status":"closed","template":"","meta":{"footnotes":""},"class_list":["post-4824","page","type-page","status-publish","hentry"],"aioseo_notices":[],"_links":{"self":[{"href":"https:\/\/eneida.cat\/es\/wp-json\/wp\/v2\/pages\/4824","targetHints":{"allow":["GET"]}}],"collection":[{"href":"https:\/\/eneida.cat\/es\/wp-json\/wp\/v2\/pages"}],"about":[{"href":"https:\/\/eneida.cat\/es\/wp-json\/wp\/v2\/types\/page"}],"author":[{"embeddable":true,"href":"https:\/\/eneida.cat\/es\/wp-json\/wp\/v2\/users\/1"}],"replies":[{"embeddable":true,"href":"https:\/\/eneida.cat\/es\/wp-json\/wp\/v2\/comments?post=4824"}],"version-history":[{"count":109,"href":"https:\/\/eneida.cat\/es\/wp-json\/wp\/v2\/pages\/4824\/revisions"}],"predecessor-version":[{"id":7662,"href":"https:\/\/eneida.cat\/es\/wp-json\/wp\/v2\/pages\/4824\/revisions\/7662"}],"wp:attachment":[{"href":"https:\/\/eneida.cat\/es\/wp-json\/wp\/v2\/media?parent=4824"}],"curies":[{"name":"wp","href":"https:\/\/api.w.org\/{rel}","templated":true}]}}